{"id":12,"date":"2015-07-01T11:48:05","date_gmt":"2015-07-01T11:48:05","guid":{"rendered":"http:\/\/ipray.world\/?page_id=12"},"modified":"2015-11-11T21:25:31","modified_gmt":"2015-11-11T21:25:31","slug":"submit-a-prayer-request","status":"publish","type":"page","link":"https:\/\/www.ipray.world\/index.php\/submit-a-prayer-request\/","title":{"rendered":"Submit A Prayer Request"},"content":{"rendered":"<div id=\"pl-12\"  class=\"panel-layout\" ><div id=\"pg-12-0\"  class=\"panel-grid panel-has-style\" ><div class=\"siteorigin-panels-stretch panel-row-style panel-row-style-for-12-0\" data-stretch-type=\"full\" ><div id=\"pgc-12-0-0\"  class=\"panel-grid-cell\" ><div id=\"panel-12-0-0-0\" class=\"so-panel widget widget_black-studio-tinymce widget_black_studio_tinymce panel-first-child\" data-index=\"0\" ><div class=\"textwidget\"><h1>Submit A Prayer Request -- Pedir Oraci\u00f3n<\/h1><p>\n<div class=\"wpcf7 no-js\" id=\"wpcf7-f82-o1\" lang=\"en-US\" dir=\"ltr\" data-wpcf7-id=\"82\">\n<div class=\"screen-reader-response\"><p role=\"status\" aria-live=\"polite\" aria-atomic=\"true\"><\/p> <ul><\/ul><\/div>\n<form action=\"\/index.php\/wp-json\/wp\/v2\/pages\/12#wpcf7-f82-o1\" method=\"post\" class=\"wpcf7-form init\" aria-label=\"Contact form\" novalidate=\"novalidate\" data-status=\"init\">\n<fieldset class=\"hidden-fields-container\"><input type=\"hidden\" name=\"_wpcf7\" value=\"82\" \/><input type=\"hidden\" name=\"_wpcf7_version\" value=\"6.1.5\" \/><input type=\"hidden\" name=\"_wpcf7_locale\" value=\"en_US\" \/><input type=\"hidden\" name=\"_wpcf7_unit_tag\" value=\"wpcf7-f82-o1\" \/><input type=\"hidden\" name=\"_wpcf7_container_post\" value=\"0\" \/><input type=\"hidden\" name=\"_wpcf7_posted_data_hash\" value=\"\" \/><input type=\"hidden\" name=\"_wpcf7_recaptcha_response\" value=\"\" \/>\n<\/fieldset>\n<p>Name\/Nombre\n<\/p>\n<p><span class=\"wpcf7-form-control-wrap\" data-name=\"your-name\"><input size=\"40\" maxlength=\"400\" class=\"wpcf7-form-control wpcf7-text wpcf7-validates-as-required\" aria-required=\"true\" aria-invalid=\"false\" value=\"\" type=\"text\" name=\"your-name\" \/><\/span>\n<\/p>\n<p>Email\/Correo Electr\u00f3nico\n<\/p>\n<p><span class=\"wpcf7-form-control-wrap\" data-name=\"your-email\"><input size=\"40\" maxlength=\"400\" class=\"wpcf7-form-control wpcf7-email wpcf7-text wpcf7-validates-as-email\" aria-invalid=\"false\" value=\"\" type=\"email\" name=\"your-email\" \/><\/span>\n<\/p>\n<p>Request\/Petici\u00f3n\n<\/p>\n<p><span class=\"wpcf7-form-control-wrap\" data-name=\"your-message\"><textarea cols=\"40\" rows=\"10\" maxlength=\"1000\" class=\"wpcf7-form-control wpcf7-textarea\" aria-invalid=\"false\" name=\"your-message\"><\/textarea><\/span>\n<\/p>\n<p><input class=\"wpcf7-form-control wpcf7-submit has-spinner\" type=\"submit\" value=\"Send\/Enviar\" \/>\n<\/p><input\n                    class=\"apbct_special_field apbct_email_id__wp_contact_form_7\"\n                    name=\"apbct__email_id__wp_contact_form_7\"\n                    aria-label=\"apbct__label_id__wp_contact_form_7\"\n                    type=\"text\" size=\"30\" maxlength=\"200\" autocomplete=\"off\"\n                    value=\"\"\n                \/><p style=\"display: none !important;\" class=\"akismet-fields-container\" data-prefix=\"_wpcf7_ak_\"><label>&#916;<textarea name=\"_wpcf7_ak_hp_textarea\" cols=\"45\" rows=\"8\" maxlength=\"100\"><\/textarea><\/label><input type=\"hidden\" id=\"ak_js_1\" name=\"_wpcf7_ak_js\" value=\"9\"\/><script>document.getElementById( \"ak_js_1\" ).setAttribute( \"value\", ( new Date() ).getTime() );<\/script><\/p><div class=\"wpcf7-response-output\" aria-hidden=\"true\"><\/div>\n<\/form>\n<\/div>\n<\/p><\/div><\/div><div id=\"panel-12-0-0-1\" class=\"so-panel widget widget_black-studio-tinymce widget_black_studio_tinymce\" data-index=\"1\" ><div class=\"panel-widget-style panel-widget-style-for-12-0-0-1\" ><div class=\"textwidget\"><h3 style=\"text-align: center;\"><span style=\"color: #000000;\">The iPray team will pray for your request for the next 30 days.<\/span><br \/><span style=\"color: #000000;\">Please resubmit your request after 30 days if you want the team to continue praying.<\/span><br \/><span style=\"color: #000000;\">Please click\u00a0<span style=\"text-decoration: underline; color: #ff0000;\"><strong><a style=\"color: #ff0000; text-decoration: underline;\" href=\"http:\/\/ipray.world\/index.php\/how-has-the-lord-answered-your-request\/\">HERE<\/a><\/strong><\/span>\u00a0to tell us when the Lord answers.<\/span><\/h3><h3 style=\"text-align: center;\"><span style=\"color: #000000;\"><b>Psalm 10:17 <\/b><\/span>\u00a0You hear, O <span style=\"font-variant: small-caps;\">LORD<\/span>, the desire of the afflicted; <span class=\"poetry2\">you encourage them, and you listen to their cry,<\/span> <span class=\"poetry1\"><br \/> <\/span><\/h3><\/div><\/div><\/div><div id=\"panel-12-0-0-2\" class=\"so-panel widget widget_black-studio-tinymce widget_black_studio_tinymce panel-last-child\" data-index=\"2\" ><div class=\"panel-widget-style panel-widget-style-for-12-0-0-2\" ><div class=\"textwidget\"><h3 style=\"text-align: center;\"><span style=\"color: #000000;\">El equipo de oraci\u00f3n estar\u00e1 orando por tu petici\u00f3n por los siguientes 30 d\u00edas, a partir de la fecha en que la pones. Si quieres que oremos por tu petici\u00f3n por 30 d\u00edas m\u00e1s. Oprime <span style=\"color: #ff0000;\"><strong><a style=\"color: #ff0000;\" href=\"http:\/\/ipray.world\/index.php\/how-has-the-lord-answered-your-request\/\" target=\"_blank\">aqu\u00ed<\/a><\/strong><\/span>. Por favor cuando Dios conteste tu oraci\u00f3n, cu\u00e9ntanos o escr\u00edbenos. \u00a0<\/span><\/h3><h3 style=\"text-align: center;\"><span style=\"color: #000000;\">Salmo 10:17 (RVR60) 17El deseo de los humildes o\u00edste, oh Jehov\u00e1; T\u00fa dispones su coraz\u00f3n, y haces atento tu o\u00eddo,<\/span><\/h3><\/div><\/div><\/div><\/div><\/div><\/div><\/div>","protected":false},"excerpt":{"rendered":"<p>Submit A Prayer Request &#8212; Pedir Oraci\u00f3n The iPray team will pray for your request for the next 30 days.Please resubmit your request after 30 days if you want the team to continue praying.Please click\u00a0HERE\u00a0to tell us when the Lord answers.Psalm 10:17 \u00a0You hear, O LORD, the desire of the afflicted; you encourage them, and <a class=\"moretag\" href=\"https:\/\/www.ipray.world\/index.php\/submit-a-prayer-request\/\">Read More &#8230;<\/a><\/p>\n","protected":false},"author":1,"featured_media":0,"parent":0,"menu_order":0,"comment_status":"closed","ping_status":"closed","template":"full-width-page.php","meta":{"footnotes":""},"class_list":["post-12","page","type-page","status-publish","hentry"],"yoast_head":"<!-- This site is optimized with the Yoast SEO plugin v27.4 - https:\/\/yoast.com\/product\/yoast-seo-wordpress\/ -->\n<title>Submit A Prayer Request - iPray<\/title>\n<meta name=\"robots\" content=\"index, follow, max-snippet:-1, max-image-preview:large, max-video-preview:-1\" \/>\n<link rel=\"canonical\" href=\"https:\/\/www.ipray.world\/index.php\/submit-a-prayer-request\/\" \/>\n<meta property=\"og:locale\" content=\"en_US\" \/>\n<meta property=\"og:type\" content=\"article\" \/>\n<meta property=\"og:title\" content=\"Submit A Prayer Request - iPray\" \/>\n<meta property=\"og:description\" content=\"Submit A Prayer Request -- Pedir Oraci\u00f3n The iPray team will pray for your request for the next 30 days.Please resubmit your request after 30 days if you want the team to continue praying.Please click\u00a0HERE\u00a0to tell us when the Lord answers.Psalm 10:17 \u00a0You hear, O LORD, the desire of the afflicted; you encourage them, and Read More ...\" \/>\n<meta property=\"og:url\" content=\"https:\/\/www.ipray.world\/index.php\/submit-a-prayer-request\/\" \/>\n<meta property=\"og:site_name\" content=\"iPray\" \/>\n<meta property=\"article:publisher\" content=\"https:\/\/www.facebook.com\/ipray.world\/\" \/>\n<meta property=\"article:modified_time\" content=\"2015-11-11T21:25:31+00:00\" \/>\n<meta name=\"twitter:card\" content=\"summary_large_image\" \/>\n<meta name=\"twitter:label1\" content=\"Est. reading time\" \/>\n\t<meta name=\"twitter:data1\" content=\"1 minute\" \/>\n<script type=\"application\/ld+json\" class=\"yoast-schema-graph\">{\"@context\":\"https:\\\/\\\/schema.org\",\"@graph\":[{\"@type\":\"WebPage\",\"@id\":\"https:\\\/\\\/www.ipray.world\\\/index.php\\\/submit-a-prayer-request\\\/\",\"url\":\"https:\\\/\\\/www.ipray.world\\\/index.php\\\/submit-a-prayer-request\\\/\",\"name\":\"Submit A Prayer Request - iPray\",\"isPartOf\":{\"@id\":\"https:\\\/\\\/www.ipray.world\\\/#website\"},\"datePublished\":\"2015-07-01T11:48:05+00:00\",\"dateModified\":\"2015-11-11T21:25:31+00:00\",\"breadcrumb\":{\"@id\":\"https:\\\/\\\/www.ipray.world\\\/index.php\\\/submit-a-prayer-request\\\/#breadcrumb\"},\"inLanguage\":\"en-US\",\"potentialAction\":[{\"@type\":\"ReadAction\",\"target\":[\"https:\\\/\\\/www.ipray.world\\\/index.php\\\/submit-a-prayer-request\\\/\"]}]},{\"@type\":\"BreadcrumbList\",\"@id\":\"https:\\\/\\\/www.ipray.world\\\/index.php\\\/submit-a-prayer-request\\\/#breadcrumb\",\"itemListElement\":[{\"@type\":\"ListItem\",\"position\":1,\"name\":\"Home\",\"item\":\"https:\\\/\\\/www.ipray.world\\\/\"},{\"@type\":\"ListItem\",\"position\":2,\"name\":\"Submit A Prayer Request\"}]},{\"@type\":\"WebSite\",\"@id\":\"https:\\\/\\\/www.ipray.world\\\/#website\",\"url\":\"https:\\\/\\\/www.ipray.world\\\/\",\"name\":\"iPray\",\"description\":\"Praying for the People, Ministries, and Leadership of Living Hope Community Church Aurora Colorado and Iglesia Esperanza Viviente\",\"publisher\":{\"@id\":\"https:\\\/\\\/www.ipray.world\\\/#organization\"},\"potentialAction\":[{\"@type\":\"SearchAction\",\"target\":{\"@type\":\"EntryPoint\",\"urlTemplate\":\"https:\\\/\\\/www.ipray.world\\\/?s={search_term_string}\"},\"query-input\":{\"@type\":\"PropertyValueSpecification\",\"valueRequired\":true,\"valueName\":\"search_term_string\"}}],\"inLanguage\":\"en-US\"},{\"@type\":\"Organization\",\"@id\":\"https:\\\/\\\/www.ipray.world\\\/#organization\",\"name\":\"RUA Disciple\",\"url\":\"https:\\\/\\\/www.ipray.world\\\/\",\"logo\":{\"@type\":\"ImageObject\",\"inLanguage\":\"en-US\",\"@id\":\"https:\\\/\\\/www.ipray.world\\\/#\\\/schema\\\/logo\\\/image\\\/\",\"url\":\"https:\\\/\\\/www.ipray.world\\\/wp-content\\\/uploads\\\/2019\\\/06\\\/RUA-logo-mt-evans.png\",\"contentUrl\":\"https:\\\/\\\/www.ipray.world\\\/wp-content\\\/uploads\\\/2019\\\/06\\\/RUA-logo-mt-evans.png\",\"width\":1170,\"height\":450,\"caption\":\"RUA Disciple\"},\"image\":{\"@id\":\"https:\\\/\\\/www.ipray.world\\\/#\\\/schema\\\/logo\\\/image\\\/\"},\"sameAs\":[\"https:\\\/\\\/www.facebook.com\\\/ipray.world\\\/\"]}]}<\/script>\n<!-- \/ Yoast SEO plugin. -->","yoast_head_json":{"title":"Submit A Prayer Request - iPray","robots":{"index":"index","follow":"follow","max-snippet":"max-snippet:-1","max-image-preview":"max-image-preview:large","max-video-preview":"max-video-preview:-1"},"canonical":"https:\/\/www.ipray.world\/index.php\/submit-a-prayer-request\/","og_locale":"en_US","og_type":"article","og_title":"Submit A Prayer Request - iPray","og_description":"Submit A Prayer Request -- Pedir Oraci\u00f3n The iPray team will pray for your request for the next 30 days.Please resubmit your request after 30 days if you want the team to continue praying.Please click\u00a0HERE\u00a0to tell us when the Lord answers.Psalm 10:17 \u00a0You hear, O LORD, the desire of the afflicted; you encourage them, and Read More ...","og_url":"https:\/\/www.ipray.world\/index.php\/submit-a-prayer-request\/","og_site_name":"iPray","article_publisher":"https:\/\/www.facebook.com\/ipray.world\/","article_modified_time":"2015-11-11T21:25:31+00:00","twitter_card":"summary_large_image","twitter_misc":{"Est. reading time":"1 minute"},"schema":{"@context":"https:\/\/schema.org","@graph":[{"@type":"WebPage","@id":"https:\/\/www.ipray.world\/index.php\/submit-a-prayer-request\/","url":"https:\/\/www.ipray.world\/index.php\/submit-a-prayer-request\/","name":"Submit A Prayer Request - iPray","isPartOf":{"@id":"https:\/\/www.ipray.world\/#website"},"datePublished":"2015-07-01T11:48:05+00:00","dateModified":"2015-11-11T21:25:31+00:00","breadcrumb":{"@id":"https:\/\/www.ipray.world\/index.php\/submit-a-prayer-request\/#breadcrumb"},"inLanguage":"en-US","potentialAction":[{"@type":"ReadAction","target":["https:\/\/www.ipray.world\/index.php\/submit-a-prayer-request\/"]}]},{"@type":"BreadcrumbList","@id":"https:\/\/www.ipray.world\/index.php\/submit-a-prayer-request\/#breadcrumb","itemListElement":[{"@type":"ListItem","position":1,"name":"Home","item":"https:\/\/www.ipray.world\/"},{"@type":"ListItem","position":2,"name":"Submit A Prayer Request"}]},{"@type":"WebSite","@id":"https:\/\/www.ipray.world\/#website","url":"https:\/\/www.ipray.world\/","name":"iPray","description":"Praying for the People, Ministries, and Leadership of Living Hope Community Church Aurora Colorado and Iglesia Esperanza Viviente","publisher":{"@id":"https:\/\/www.ipray.world\/#organization"},"potentialAction":[{"@type":"SearchAction","target":{"@type":"EntryPoint","urlTemplate":"https:\/\/www.ipray.world\/?s={search_term_string}"},"query-input":{"@type":"PropertyValueSpecification","valueRequired":true,"valueName":"search_term_string"}}],"inLanguage":"en-US"},{"@type":"Organization","@id":"https:\/\/www.ipray.world\/#organization","name":"RUA Disciple","url":"https:\/\/www.ipray.world\/","logo":{"@type":"ImageObject","inLanguage":"en-US","@id":"https:\/\/www.ipray.world\/#\/schema\/logo\/image\/","url":"https:\/\/www.ipray.world\/wp-content\/uploads\/2019\/06\/RUA-logo-mt-evans.png","contentUrl":"https:\/\/www.ipray.world\/wp-content\/uploads\/2019\/06\/RUA-logo-mt-evans.png","width":1170,"height":450,"caption":"RUA Disciple"},"image":{"@id":"https:\/\/www.ipray.world\/#\/schema\/logo\/image\/"},"sameAs":["https:\/\/www.facebook.com\/ipray.world\/"]}]}},"_links":{"self":[{"href":"https:\/\/www.ipray.world\/index.php\/wp-json\/wp\/v2\/pages\/12","targetHints":{"allow":["GET"]}}],"collection":[{"href":"https:\/\/www.ipray.world\/index.php\/wp-json\/wp\/v2\/pages"}],"about":[{"href":"https:\/\/www.ipray.world\/index.php\/wp-json\/wp\/v2\/types\/page"}],"author":[{"embeddable":true,"href":"https:\/\/www.ipray.world\/index.php\/wp-json\/wp\/v2\/users\/1"}],"replies":[{"embeddable":true,"href":"https:\/\/www.ipray.world\/index.php\/wp-json\/wp\/v2\/comments?post=12"}],"version-history":[{"count":27,"href":"https:\/\/www.ipray.world\/index.php\/wp-json\/wp\/v2\/pages\/12\/revisions"}],"predecessor-version":[{"id":83,"href":"https:\/\/www.ipray.world\/index.php\/wp-json\/wp\/v2\/pages\/12\/revisions\/83"}],"wp:attachment":[{"href":"https:\/\/www.ipray.world\/index.php\/wp-json\/wp\/v2\/media?parent=12"}],"curies":[{"name":"wp","href":"https:\/\/api.w.org\/{rel}","templated":true}]}}