{"id":10,"date":"2015-07-01T11:47:48","date_gmt":"2015-07-01T11:47:48","guid":{"rendered":"http:\/\/ipray.world\/?page_id=10"},"modified":"2025-07-14T00:27:33","modified_gmt":"2025-07-14T00:27:33","slug":"current-prayer-requests","status":"publish","type":"page","link":"https:\/\/www.ipray.world\/index.php\/current-prayer-requests\/","title":{"rendered":"Current Prayer Requests"},"content":{"rendered":"<div id=\"pl-10\"  class=\"panel-layout\" ><div id=\"pg-10-0\"  class=\"panel-grid panel-has-style\" ><div class=\"siteorigin-panels-stretch panel-row-style panel-row-style-for-10-0\" data-stretch-type=\"full\" ><div id=\"pgc-10-0-0\"  class=\"panel-grid-cell\" ><div id=\"panel-10-0-0-0\" class=\"so-panel widget widget_black-studio-tinymce widget_black_studio_tinymce panel-first-child\" data-index=\"0\" ><div class=\"textwidget\"><div class=\"csRow\">\n<div class=\"csColumnGap\" style=\"margin: 0px; padding: 0px; float: left; width: 1.56%;\"><img decoding=\"async\" style=\"border: none;\" src=\"http:\/\/ipray.world\/wp-content\/plugins\/advanced-wp-columns\/assets\/js\/plugins\/views\/img\/1x1-pixel.png\" \/><\/div>\n<div class=\"csRow\">\n<div class=\"csColumnGap\" style=\"margin: 0px; padding: 0px; float: left; width: 1.56%;\"><img decoding=\"async\" style=\"border: none;\" src=\"http:\/\/ipray.world\/wp-content\/plugins\/advanced-wp-columns\/assets\/js\/plugins\/views\/img\/1x1-pixel.png\" \/><\/div>\n<div class=\"csColumn\" style=\"margin: 0px; padding: 0px; float: left; width: 47.7%;\" data-csstartpoint=\"15.005682941040039\" data-csendpoint=\"472.49145412023927\" data-cswidth=\"47.7%\" data-csid=\"9738867b-46ec-880b-9e1d-3d6d85c220aa\">\n<h1><span style=\"color: #3366ff;\"><span style=\"color: #000000;\">Psalm 62:8\u00a0 Trust in him at all times, O people; pour out your hearts to him, for God is our refuge. Selah<\/span>\u00a0<\/span><\/h1>\n<h1><\/h1>\n<\/div>\n<div class=\"csColumnGap\" style=\"margin: 0px; padding: 0px; float: left; width: 1.56%;\"><img decoding=\"async\" style=\"border: none;\" src=\"http:\/\/ipray.world\/wp-content\/plugins\/advanced-wp-columns\/assets\/js\/plugins\/views\/img\/1x1-pixel.png\" \/><\/div>\n<div class=\"csColumn\" style=\"margin: 0px; padding: 0px; float: left; width: 47.7%;\" data-csstartpoint=\"487.5056447940674\" data-csendpoint=\"944.9914236026611\" data-cswidth=\"47.7%\" data-csid=\"21262316-83e9-8166-9e3e-cff067a64ba1\">\n<h1><span style=\"color: #000000;\">Salmos 62:8  Conf\u00eda siempre en \u00e9l, pueblo m\u00edo; \u00e1brele tu coraz\u00f3n cuando est\u00e9s ante \u00e9l. \u00a1Dios es nuestro refugio! <\/span><\/h1>\n<\/div>\n<div class=\"csColumnGap\" style=\"margin: 0px; padding: 0px; float: left; width: 1.56%;\"><img decoding=\"async\" style=\"border: none;\" src=\"http:\/\/ipray.world\/wp-content\/plugins\/advanced-wp-columns\/assets\/js\/plugins\/views\/img\/1x1-pixel.png\" \/><\/div>\n<div style=\"clear: both; float: none; display: block; visibility: hidden; width: 0px; font-size: 0px; line-height: 0;\"><\/div>\n<\/div><\/div><\/div><div id=\"panel-10-0-0-1\" class=\"so-panel widget widget_black-studio-tinymce widget_black_studio_tinymce panel-last-child\" data-index=\"1\" ><div class=\"panel-widget-style panel-widget-style-for-10-0-0-1\" ><div class=\"textwidget\">&nbsp;\n<table style=\"width: 708pt;\" border=\"0\" width=\"943\" cellspacing=\"0\" cellpadding=\"0\"><colgroup> <col style=\"mso-width-source: userset; mso-width-alt: 3108; width: 64pt;\" width=\"85\" \/> <col style=\"mso-width-source: userset; mso-width-alt: 3364; width: 69pt;\" width=\"92\" \/> <col style=\"mso-width-source: userset; mso-width-alt: 28013; width: 575pt;\" width=\"766\" \/> <\/colgroup>\n<tbody>\n<tr style=\"height: 18.75pt;\">\n<td class=\"xl70\" style=\"height: 18.75pt; width: 64pt; font-size: 14pt; color: #0d0d0d; font-weight: bold; font-family: 'Times New Roman', serif; border: 0.5pt solid windowtext; background: #ddebf7;\" width=\"85\" height=\"25\"><a name=\"RANGE!A1:C1\"><\/a>Date<\/td>\n<td class=\"xl71\" style=\"width: 69pt; font-size: 14pt; color: #0d0d0d; font-weight: bold; font-family: 'Times New Roman', serif; border: 0.5pt solid windowtext; background: #ddebf7;\" width=\"92\">Name<\/td>\n<td class=\"xl71\" style=\"width: 575pt; font-size: 14pt; color: #0d0d0d; font-weight: bold; font-family: 'Times New Roman', serif; border: 0.5pt solid windowtext; background: #ddebf7;\" width=\"766\">Request\/Praise<\/td>\n<\/tr>\n<tr style=\"height: 15.75pt;\">\n<td class=\"xl69\" style=\"height: 15.75pt; font-size: 12pt; color: black; font-family: 'Times New Roman', serif; border: 0.5pt solid windowtext; background: #bdd7ee;\" height=\"21\">14-July<\/td>\n<td class=\"xl66\" style=\"width: 69pt; font-size: 12pt; color: black; font-family: 'Times New Roman', serif; border: 0.5pt solid windowtext; background: #bdd7ee;\" width=\"92\">Leonard<\/td>\n<td class=\"xl66\" style=\"width: 575pt; font-size: 12pt; color: black; font-family: 'Times New Roman', serif; border: 0.5pt solid windowtext; background: #bdd7ee;\" width=\"766\">Please pray for my cousin Lucinda.\u00a0 She just lost both of her sons to violence.<\/td>\n<\/tr>\n<tr style=\"height: 15.75pt;\">\n<td class=\"xl69\" style=\"height: 15.75pt; font-size: 12pt; color: black; font-family: 'Times New Roman', serif; border: 0.5pt solid windowtext; background: #ddebf7;\" height=\"21\">14-Julio<\/td>\n<td class=\"xl66\" style=\"width: 69pt; font-size: 12pt; color: black; font-family: 'Times New Roman', serif; border: 0.5pt solid windowtext; background: #ddebf7;\" width=\"92\">Leonard<\/td>\n<td class=\"xl66\" style=\"width: 575pt; font-size: 12pt; color: black; font-family: 'Times New Roman', serif; border: 0.5pt solid windowtext; background: #ddebf7;\" width=\"766\">Por favor, oren por mi prima Lucinda. Acaba de perder a sus dos hijos en actos violentos.<\/td>\n<\/tr>\n<tr style=\"height: 15.75pt;\">\n<td class=\"xl69\" style=\"height: 15.75pt; font-size: 12pt; color: black; font-family: 'Times New Roman', serif; border: 0.5pt solid windowtext; background: #bdd7ee;\" height=\"21\"><\/td>\n<td class=\"xl66\" style=\"width: 69pt; font-size: 12pt; color: black; font-family: 'Times New Roman', serif; border: 0.5pt solid windowtext; background: #bdd7ee;\" width=\"92\"><\/td>\n<td class=\"xl66\" style=\"width: 575pt; font-size: 12pt; color: black; font-family: 'Times New Roman', serif; border: 0.5pt solid windowtext; background: #bdd7ee;\" width=\"766\"><\/td>\n<\/tr>\n<tr style=\"height: 15.75pt;\">\n<td class=\"xl69\" style=\"height: 15.75pt; font-size: 12pt; color: black; font-family: 'Times New Roman', serif; border: 0.5pt solid windowtext; background: #ddebf7;\" height=\"21\"><\/td>\n<td class=\"xl66\" style=\"width: 69pt; font-size: 12pt; color: black; font-family: 'Times New Roman', serif; border: 0.5pt solid windowtext; background: #ddebf7;\" width=\"92\"><\/td>\n<td class=\"xl66\" style=\"width: 575pt; font-size: 12pt; color: black; font-family: 'Times New Roman', serif; border: 0.5pt solid windowtext; background: #ddebf7;\" width=\"766\"><\/td>\n<\/tr>\n<tr style=\"height: 15.75pt;\">\n<td class=\"xl69\" style=\"height: 15.75pt; font-size: 12pt; color: black; font-family: 'Times New Roman', serif; border: 0.5pt solid windowtext; background: #bdd7ee;\" height=\"21\"><\/td>\n<td class=\"xl66\" style=\"width: 69pt; font-size: 12pt; color: black; font-family: 'Times New Roman', serif; border: 0.5pt solid windowtext; background: #bdd7ee;\" width=\"92\"><\/td>\n<td class=\"xl66\" style=\"width: 575pt; font-size: 12pt; color: black; font-family: 'Times New Roman', serif; border: 0.5pt solid windowtext; background: #bdd7ee;\" width=\"766\"><\/td>\n<\/tr>\n<tr style=\"height: 15.75pt;\">\n<td class=\"xl69\" style=\"height: 15.75pt; font-size: 12pt; color: black; font-family: 'Times New Roman', serif; border: 0.5pt solid windowtext; background: #ddebf7;\" height=\"21\"><\/td>\n<td class=\"xl66\" style=\"width: 69pt; font-size: 12pt; color: black; font-family: 'Times New Roman', serif; border: 0.5pt solid windowtext; background: #ddebf7;\" width=\"92\"><\/td>\n<td class=\"xl66\" style=\"width: 575pt; font-size: 12pt; color: black; font-family: 'Times New Roman', serif; border: 0.5pt solid windowtext; background: #ddebf7;\" width=\"766\"><\/td>\n<\/tr>\n<tr style=\"height: 15.75pt;\">\n<td class=\"xl69\" style=\"height: 15.75pt; font-size: 12pt; color: black; font-family: 'Times New Roman', serif; border: 0.5pt solid windowtext; background: #bdd7ee;\" height=\"21\"><\/td>\n<td class=\"xl66\" style=\"width: 69pt; font-size: 12pt; color: black; font-family: 'Times New Roman', serif; border: 0.5pt solid windowtext; background: #bdd7ee;\" width=\"92\"><\/td>\n<td class=\"xl66\" style=\"width: 575pt; font-size: 12pt; color: black; font-family: 'Times New Roman', serif; border: 0.5pt solid windowtext; background: #bdd7ee;\" width=\"766\"><\/td>\n<\/tr>\n<tr style=\"height: 15.75pt;\">\n<td class=\"xl69\" style=\"height: 15.75pt; font-size: 12pt; color: black; font-family: 'Times New Roman', serif; border: 0.5pt solid windowtext; background: #ddebf7;\" height=\"21\"><\/td>\n<td class=\"xl66\" style=\"width: 69pt; font-size: 12pt; color: black; font-family: 'Times New Roman', serif; border: 0.5pt solid windowtext; background: #ddebf7;\" width=\"92\"><\/td>\n<td class=\"xl66\" style=\"width: 575pt; font-size: 12pt; color: black; font-family: 'Times New Roman', serif; border: 0.5pt solid windowtext; background: #ddebf7;\" width=\"766\"><\/td>\n<\/tr>\n<tr style=\"height: 31.5pt;\">\n<td class=\"xl69\" style=\"height: 31.5pt; font-size: 12pt; color: black; font-family: 'Times New Roman', serif; border: 0.5pt solid windowtext; background: #bdd7ee;\" height=\"42\"><\/td>\n<td class=\"xl66\" style=\"width: 69pt; font-size: 12pt; color: black; font-family: 'Times New Roman', serif; border: 0.5pt solid windowtext; background: #bdd7ee;\" width=\"92\"><\/td>\n<td class=\"xl66\" style=\"width: 575pt; font-size: 12pt; color: black; font-family: 'Times New Roman', serif; border: 0.5pt solid windowtext; background: #bdd7ee;\" width=\"766\"><\/td>\n<\/tr>\n<tr style=\"height: 31.5pt;\">\n<td class=\"xl69\" style=\"height: 31.5pt; font-size: 12pt; color: black; font-family: 'Times New Roman', serif; border: 0.5pt solid windowtext; background: #ddebf7;\" height=\"42\"><\/td>\n<td class=\"xl66\" style=\"width: 69pt; font-size: 12pt; color: black; font-family: 'Times New Roman', serif; border: 0.5pt solid windowtext; background: #ddebf7;\" width=\"92\"><\/td>\n<td class=\"xl68\" style=\"width: 575pt; font-size: 12pt; color: black; font-family: 'Times New Roman', serif; border: 0.5pt solid windowtext; background: #ddebf7;\" width=\"766\"><\/td>\n<\/tr>\n<\/tbody>\n<\/table>\n<table style=\"width: 708pt;\" border=\"0\" width=\"943\" cellspacing=\"0\" cellpadding=\"0\"><colgroup> <col style=\"mso-width-source: userset; mso-width-alt: 3108; width: 64pt;\" width=\"85\" \/> <col style=\"mso-width-source: userset; mso-width-alt: 3364; width: 69pt;\" width=\"92\" \/> <col style=\"mso-width-source: userset; mso-width-alt: 28013; width: 575pt;\" width=\"766\" \/><\/colgroup>\n<tbody>\n<tr style=\"height: 31.5pt;\">\n<td class=\"xl67\" style=\"height: 31.5pt; font-size: 12pt; color: black; font-family: 'Times New Roman', serif; border: 0.5pt solid windowtext; background: #ddebf7;\" height=\"42\"><\/td>\n<td class=\"xl66\" style=\"width: 69pt; font-size: 12pt; color: black; font-family: 'Times New Roman', serif; border: 0.5pt solid windowtext; background: #ddebf7;\" width=\"92\"><\/td>\n<\/tr>\n<\/tbody>\n<\/table><\/div><\/div><\/div><\/div><\/div><\/div><\/div>","protected":false},"excerpt":{"rendered":"<p>Psalm 62:8\u00a0 Trust in him at all times, O people; pour out your hearts to him, for God is our refuge. Selah\u00a0 Salmos 62:8 Conf\u00eda siempre en \u00e9l, pueblo m\u00edo; \u00e1brele tu coraz\u00f3n cuando est\u00e9s ante \u00e9l. \u00a1Dios es nuestro refugio! &nbsp; Date Name Request\/Praise 14-July Leonard Please pray for my cousin Lucinda.\u00a0 She just <a class=\"moretag\" href=\"https:\/\/www.ipray.world\/index.php\/current-prayer-requests\/\">Read More &#8230;<\/a><\/p>\n","protected":false},"author":1,"featured_media":0,"parent":0,"menu_order":0,"comment_status":"closed","ping_status":"closed","template":"full-width-page.php","meta":{"footnotes":""},"class_list":["post-10","page","type-page","status-publish","hentry"],"yoast_head":"<!-- This site is optimized with the Yoast SEO plugin v27.4 - https:\/\/yoast.com\/product\/yoast-seo-wordpress\/ -->\n<title>Current Prayer Requests - iPray<\/title>\n<meta name=\"robots\" content=\"index, follow, max-snippet:-1, max-image-preview:large, max-video-preview:-1\" \/>\n<link rel=\"canonical\" href=\"https:\/\/www.ipray.world\/index.php\/current-prayer-requests\/\" \/>\n<meta property=\"og:locale\" content=\"en_US\" \/>\n<meta property=\"og:type\" content=\"article\" \/>\n<meta property=\"og:title\" content=\"Current Prayer Requests - iPray\" \/>\n<meta property=\"og:description\" content=\"Psalm 62:8\u00a0 Trust in him at all times, O people; pour out your hearts to him, for God is our refuge. Selah\u00a0 Salmos 62:8 Conf\u00eda siempre en \u00e9l, pueblo m\u00edo; \u00e1brele tu coraz\u00f3n cuando est\u00e9s ante \u00e9l. \u00a1Dios es nuestro refugio! &nbsp; Date Name Request\/Praise 14-July Leonard Please pray for my cousin Lucinda.\u00a0 She just Read More ...\" \/>\n<meta property=\"og:url\" content=\"https:\/\/www.ipray.world\/index.php\/current-prayer-requests\/\" \/>\n<meta property=\"og:site_name\" content=\"iPray\" \/>\n<meta property=\"article:publisher\" content=\"https:\/\/www.facebook.com\/ipray.world\/\" \/>\n<meta property=\"article:modified_time\" content=\"2025-07-14T00:27:33+00:00\" \/>\n<meta property=\"og:image\" content=\"http:\/\/ipray.world\/wp-content\/plugins\/advanced-wp-columns\/assets\/js\/plugins\/views\/img\/1x1-pixel.png\" \/>\n<meta name=\"twitter:card\" content=\"summary_large_image\" \/>\n<meta name=\"twitter:label1\" content=\"Est. reading time\" \/>\n\t<meta name=\"twitter:data1\" content=\"2 minutes\" \/>\n<script type=\"application\/ld+json\" class=\"yoast-schema-graph\">{\"@context\":\"https:\\\/\\\/schema.org\",\"@graph\":[{\"@type\":\"WebPage\",\"@id\":\"https:\\\/\\\/www.ipray.world\\\/index.php\\\/current-prayer-requests\\\/\",\"url\":\"https:\\\/\\\/www.ipray.world\\\/index.php\\\/current-prayer-requests\\\/\",\"name\":\"Current Prayer Requests - iPray\",\"isPartOf\":{\"@id\":\"https:\\\/\\\/www.ipray.world\\\/#website\"},\"primaryImageOfPage\":{\"@id\":\"https:\\\/\\\/www.ipray.world\\\/index.php\\\/current-prayer-requests\\\/#primaryimage\"},\"image\":{\"@id\":\"https:\\\/\\\/www.ipray.world\\\/index.php\\\/current-prayer-requests\\\/#primaryimage\"},\"thumbnailUrl\":\"http:\\\/\\\/ipray.world\\\/wp-content\\\/plugins\\\/advanced-wp-columns\\\/assets\\\/js\\\/plugins\\\/views\\\/img\\\/1x1-pixel.png\",\"datePublished\":\"2015-07-01T11:47:48+00:00\",\"dateModified\":\"2025-07-14T00:27:33+00:00\",\"breadcrumb\":{\"@id\":\"https:\\\/\\\/www.ipray.world\\\/index.php\\\/current-prayer-requests\\\/#breadcrumb\"},\"inLanguage\":\"en-US\",\"potentialAction\":[{\"@type\":\"ReadAction\",\"target\":[\"https:\\\/\\\/www.ipray.world\\\/index.php\\\/current-prayer-requests\\\/\"]}]},{\"@type\":\"ImageObject\",\"inLanguage\":\"en-US\",\"@id\":\"https:\\\/\\\/www.ipray.world\\\/index.php\\\/current-prayer-requests\\\/#primaryimage\",\"url\":\"http:\\\/\\\/ipray.world\\\/wp-content\\\/plugins\\\/advanced-wp-columns\\\/assets\\\/js\\\/plugins\\\/views\\\/img\\\/1x1-pixel.png\",\"contentUrl\":\"http:\\\/\\\/ipray.world\\\/wp-content\\\/plugins\\\/advanced-wp-columns\\\/assets\\\/js\\\/plugins\\\/views\\\/img\\\/1x1-pixel.png\"},{\"@type\":\"BreadcrumbList\",\"@id\":\"https:\\\/\\\/www.ipray.world\\\/index.php\\\/current-prayer-requests\\\/#breadcrumb\",\"itemListElement\":[{\"@type\":\"ListItem\",\"position\":1,\"name\":\"Home\",\"item\":\"https:\\\/\\\/www.ipray.world\\\/\"},{\"@type\":\"ListItem\",\"position\":2,\"name\":\"Current Prayer Requests\"}]},{\"@type\":\"WebSite\",\"@id\":\"https:\\\/\\\/www.ipray.world\\\/#website\",\"url\":\"https:\\\/\\\/www.ipray.world\\\/\",\"name\":\"iPray\",\"description\":\"Praying for the People, Ministries, and Leadership of Living Hope Community Church Aurora Colorado and Iglesia Esperanza Viviente\",\"publisher\":{\"@id\":\"https:\\\/\\\/www.ipray.world\\\/#organization\"},\"potentialAction\":[{\"@type\":\"SearchAction\",\"target\":{\"@type\":\"EntryPoint\",\"urlTemplate\":\"https:\\\/\\\/www.ipray.world\\\/?s={search_term_string}\"},\"query-input\":{\"@type\":\"PropertyValueSpecification\",\"valueRequired\":true,\"valueName\":\"search_term_string\"}}],\"inLanguage\":\"en-US\"},{\"@type\":\"Organization\",\"@id\":\"https:\\\/\\\/www.ipray.world\\\/#organization\",\"name\":\"RUA Disciple\",\"url\":\"https:\\\/\\\/www.ipray.world\\\/\",\"logo\":{\"@type\":\"ImageObject\",\"inLanguage\":\"en-US\",\"@id\":\"https:\\\/\\\/www.ipray.world\\\/#\\\/schema\\\/logo\\\/image\\\/\",\"url\":\"https:\\\/\\\/www.ipray.world\\\/wp-content\\\/uploads\\\/2019\\\/06\\\/RUA-logo-mt-evans.png\",\"contentUrl\":\"https:\\\/\\\/www.ipray.world\\\/wp-content\\\/uploads\\\/2019\\\/06\\\/RUA-logo-mt-evans.png\",\"width\":1170,\"height\":450,\"caption\":\"RUA Disciple\"},\"image\":{\"@id\":\"https:\\\/\\\/www.ipray.world\\\/#\\\/schema\\\/logo\\\/image\\\/\"},\"sameAs\":[\"https:\\\/\\\/www.facebook.com\\\/ipray.world\\\/\"]}]}<\/script>\n<!-- \/ Yoast SEO plugin. -->","yoast_head_json":{"title":"Current Prayer Requests - iPray","robots":{"index":"index","follow":"follow","max-snippet":"max-snippet:-1","max-image-preview":"max-image-preview:large","max-video-preview":"max-video-preview:-1"},"canonical":"https:\/\/www.ipray.world\/index.php\/current-prayer-requests\/","og_locale":"en_US","og_type":"article","og_title":"Current Prayer Requests - iPray","og_description":"Psalm 62:8\u00a0 Trust in him at all times, O people; pour out your hearts to him, for God is our refuge. Selah\u00a0 Salmos 62:8 Conf\u00eda siempre en \u00e9l, pueblo m\u00edo; \u00e1brele tu coraz\u00f3n cuando est\u00e9s ante \u00e9l. \u00a1Dios es nuestro refugio! &nbsp; Date Name Request\/Praise 14-July Leonard Please pray for my cousin Lucinda.\u00a0 She just Read More ...","og_url":"https:\/\/www.ipray.world\/index.php\/current-prayer-requests\/","og_site_name":"iPray","article_publisher":"https:\/\/www.facebook.com\/ipray.world\/","article_modified_time":"2025-07-14T00:27:33+00:00","og_image":[{"url":"http:\/\/ipray.world\/wp-content\/plugins\/advanced-wp-columns\/assets\/js\/plugins\/views\/img\/1x1-pixel.png","type":"","width":"","height":""}],"twitter_card":"summary_large_image","twitter_misc":{"Est. reading time":"2 minutes"},"schema":{"@context":"https:\/\/schema.org","@graph":[{"@type":"WebPage","@id":"https:\/\/www.ipray.world\/index.php\/current-prayer-requests\/","url":"https:\/\/www.ipray.world\/index.php\/current-prayer-requests\/","name":"Current Prayer Requests - iPray","isPartOf":{"@id":"https:\/\/www.ipray.world\/#website"},"primaryImageOfPage":{"@id":"https:\/\/www.ipray.world\/index.php\/current-prayer-requests\/#primaryimage"},"image":{"@id":"https:\/\/www.ipray.world\/index.php\/current-prayer-requests\/#primaryimage"},"thumbnailUrl":"http:\/\/ipray.world\/wp-content\/plugins\/advanced-wp-columns\/assets\/js\/plugins\/views\/img\/1x1-pixel.png","datePublished":"2015-07-01T11:47:48+00:00","dateModified":"2025-07-14T00:27:33+00:00","breadcrumb":{"@id":"https:\/\/www.ipray.world\/index.php\/current-prayer-requests\/#breadcrumb"},"inLanguage":"en-US","potentialAction":[{"@type":"ReadAction","target":["https:\/\/www.ipray.world\/index.php\/current-prayer-requests\/"]}]},{"@type":"ImageObject","inLanguage":"en-US","@id":"https:\/\/www.ipray.world\/index.php\/current-prayer-requests\/#primaryimage","url":"http:\/\/ipray.world\/wp-content\/plugins\/advanced-wp-columns\/assets\/js\/plugins\/views\/img\/1x1-pixel.png","contentUrl":"http:\/\/ipray.world\/wp-content\/plugins\/advanced-wp-columns\/assets\/js\/plugins\/views\/img\/1x1-pixel.png"},{"@type":"BreadcrumbList","@id":"https:\/\/www.ipray.world\/index.php\/current-prayer-requests\/#breadcrumb","itemListElement":[{"@type":"ListItem","position":1,"name":"Home","item":"https:\/\/www.ipray.world\/"},{"@type":"ListItem","position":2,"name":"Current Prayer Requests"}]},{"@type":"WebSite","@id":"https:\/\/www.ipray.world\/#website","url":"https:\/\/www.ipray.world\/","name":"iPray","description":"Praying for the People, Ministries, and Leadership of Living Hope Community Church Aurora Colorado and Iglesia Esperanza Viviente","publisher":{"@id":"https:\/\/www.ipray.world\/#organization"},"potentialAction":[{"@type":"SearchAction","target":{"@type":"EntryPoint","urlTemplate":"https:\/\/www.ipray.world\/?s={search_term_string}"},"query-input":{"@type":"PropertyValueSpecification","valueRequired":true,"valueName":"search_term_string"}}],"inLanguage":"en-US"},{"@type":"Organization","@id":"https:\/\/www.ipray.world\/#organization","name":"RUA Disciple","url":"https:\/\/www.ipray.world\/","logo":{"@type":"ImageObject","inLanguage":"en-US","@id":"https:\/\/www.ipray.world\/#\/schema\/logo\/image\/","url":"https:\/\/www.ipray.world\/wp-content\/uploads\/2019\/06\/RUA-logo-mt-evans.png","contentUrl":"https:\/\/www.ipray.world\/wp-content\/uploads\/2019\/06\/RUA-logo-mt-evans.png","width":1170,"height":450,"caption":"RUA Disciple"},"image":{"@id":"https:\/\/www.ipray.world\/#\/schema\/logo\/image\/"},"sameAs":["https:\/\/www.facebook.com\/ipray.world\/"]}]}},"_links":{"self":[{"href":"https:\/\/www.ipray.world\/index.php\/wp-json\/wp\/v2\/pages\/10","targetHints":{"allow":["GET"]}}],"collection":[{"href":"https:\/\/www.ipray.world\/index.php\/wp-json\/wp\/v2\/pages"}],"about":[{"href":"https:\/\/www.ipray.world\/index.php\/wp-json\/wp\/v2\/types\/page"}],"author":[{"embeddable":true,"href":"https:\/\/www.ipray.world\/index.php\/wp-json\/wp\/v2\/users\/1"}],"replies":[{"embeddable":true,"href":"https:\/\/www.ipray.world\/index.php\/wp-json\/wp\/v2\/comments?post=10"}],"version-history":[{"count":782,"href":"https:\/\/www.ipray.world\/index.php\/wp-json\/wp\/v2\/pages\/10\/revisions"}],"predecessor-version":[{"id":1331,"href":"https:\/\/www.ipray.world\/index.php\/wp-json\/wp\/v2\/pages\/10\/revisions\/1331"}],"wp:attachment":[{"href":"https:\/\/www.ipray.world\/index.php\/wp-json\/wp\/v2\/media?parent=10"}],"curies":[{"name":"wp","href":"https:\/\/api.w.org\/{rel}","templated":true}]}}